{"id":1974,"date":"2024-05-07T15:21:01","date_gmt":"2024-05-07T15:21:01","guid":{"rendered":"https:\/\/abogadosalfaauriga.com\/contacto\/"},"modified":"2024-05-08T12:00:13","modified_gmt":"2024-05-08T12:00:13","slug":"contacto","status":"publish","type":"page","link":"https:\/\/abogadosalfaauriga.com\/gl\/contacto\/","title":{"rendered":"Contacto"},"content":{"rendered":"\n<div class=\"wp-block-uagb-container uagb-block-0cd6af5a alignfull uagb-is-root-container\"><div class=\"uagb-container-inner-blocks-wrap\">\n<div class=\"wp-block-uagb-advanced-heading uagb-block-8ddff24c\"><h1 class=\"uagb-heading-text\">Contacto<\/h1><div class=\"uagb-separator\"><\/div><\/div>\n\n\n\n<div class=\"wp-block-uagb-advanced-heading uagb-block-38edd5fc\"><h4 class=\"uagb-heading-text\"><strong>P\u00f3\u00f1ase en contacto cos nosos avogados hoxe para protexer os seus intereses.<\/strong><\/h4><\/div>\n<\/div><\/div>\n\n<div class=\"wp-block-uagb-container uagb-block-43984904 alignfull uagb-is-root-container\"><div class=\"uagb-container-inner-blocks-wrap\">\n<div class=\"wp-block-uagb-container uagb-block-deeaa9ff\">\n<div class=\"wp-block-uagb-advanced-heading uagb-block-4819e202\"><h2 class=\"uagb-heading-text\">Estamos aqu\u00ed para axudarche<\/h2><p class=\"uagb-desc-text\"><em>Complete o seguinte formulario e un dos nosos avogados porase en contacto contigo para ofrecerche o mellor asesoramento xur\u00eddico personalizado.<\/em><\/p><div class=\"uagb-separator\"><\/div><\/div>\n<\/div>\n\n\n\n<div class=\"wp-block-uagb-container uagb-block-0f2b1fd3\">\n<div class=\"wp-block-uagb-forms uagb-forms__outer-wrap uagb-block-8dbe3e2f uagb-forms__medium-btn\"><form class=\"uagb-forms-main-form\" method=\"post\" autocomplete=\"on\" name=\"uagb-form-8dbe3e2f\">\n<div class=\"wp-block-uagb-forms-name uagb-forms-name-wrap uagb-forms-field-set uagb-block-2d7dbab4 uag-col-2\"><div class=\"uagb-forms-name-label required uagb-forms-input-label\" id=\"2d7dbab4\">Nome<\/div><input type=\"text\" placeholder=\"\" required=\"\" class=\"uagb-forms-name-input uagb-forms-input\" name=\"2d7dbab4\" autocomplete=\"given-name\"><\/div>\n\n\n\n<div class=\"wp-block-uagb-forms-name uagb-forms-name-wrap uagb-forms-field-set uagb-block-3018776e uag-col-2\"><div class=\"uagb-forms-name-label required uagb-forms-input-label\" id=\"3018776e\">Apelidos<\/div><input type=\"text\" placeholder=\"\" required=\"\" class=\"uagb-forms-name-input uagb-forms-input\" name=\"3018776e\" autocomplete=\"given-name\"><\/div>\n\n\n\n<div class=\"wp-block-uagb-forms-email uagb-forms-email-wrap uagb-forms-field-set uagb-block-191c8e72\"><div class=\"uagb-forms-email-label required uagb-forms-input-label\" id=\"191c8e72\">Correo electr\u00f3nico<\/div><input type=\"email\" class=\"uagb-forms-email-input uagb-forms-input\" placeholder=\"\" required=\"\" name=\"191c8e72\" autocomplete=\"email\"><\/div>\n\n\n\n<div class=\"wp-block-uagb-forms-name uagb-forms-name-wrap uagb-forms-field-set uagb-block-b9473295\"><div class=\"uagb-forms-name-label required uagb-forms-input-label\" id=\"b9473295\">Tel\u00e9fono<\/div><input type=\"text\" placeholder=\"\" required=\"\" class=\"uagb-forms-name-input uagb-forms-input\" name=\"b9473295\" autocomplete=\"family-name\"><\/div>\n\n\n\n<div class=\"wp-block-uagb-forms-name uagb-forms-name-wrap uagb-forms-field-set uagb-block-8c38ef7f\"><div class=\"uagb-forms-name-label required uagb-forms-input-label\" id=\"8c38ef7f\">Cidade<\/div><input type=\"text\" placeholder=\"\" required=\"\" class=\"uagb-forms-name-input uagb-forms-input\" name=\"8c38ef7f\" autocomplete=\"family-name\"><\/div>\n\n\n\n<div class=\"wp-block-uagb-forms-textarea uagb-forms-textarea-wrap uagb-forms-field-set uagb-block-dad8edfe\"><div class=\"uagb-forms-textarea-label required uagb-forms-input-label\" id=\"dad8edfe\">Como podemos axudarche?<\/div><textarea required=\"\" class=\"uagb-forms-textarea-input uagb-forms-input\" rows=\"3\" placeholder=\"\" name=\"dad8edfe\" autocomplete=\"off\"><\/textarea><\/div>\n\n\n\n<div class=\"wp-block-uagb-forms-accept uagb-forms-accept-wrap uagb-forms-field-set uagb-block-2699d544\"><div class=\"uagb-forms-accept-privacy-link\"><a href=\"https:\/\/abogadosalfaauriga.com\/gl\/politicas-de-privacidade\/\" target=\"_blank\" rel=\"noopener noreferrer\">Pol\u00edtica de Privacidade<\/a><\/div><input type=\"checkbox\" name=\"2699d544\" required=\"\" value=\"De acordo\" class=\"uagb-forms-checkbox\" id=\"uagb-forms-accept-2699d544\"><label name=\"2699d544\" for=\"uagb-forms-accept-2699d544\" class=\"uagb-forms-accept-label required\" id=\"2699d544\">Lin e acepto a pol\u00edtica de privacidade.<\/label><br><\/div>\n<div class=\"uagb-forms-form-hidden-data\"><input type=\"hidden\" id=\"g-recaptcha-response\" class=\"uagb-forms-recaptcha\"\/><input type=\"hidden\" class=\"uagb_forms_form_label\" value=\"Formulario Spectra\"\/><input type=\"hidden\" class=\"uagb_forms_form_id\" value=\"uagb-form-8dbe3e2f\"\/><\/div><div class=\"uagb-form-reacaptcha-error-8dbe3e2f\"><\/div><div class=\"uagb-forms-main-submit-button-wrap wp-block-button\"><button class=\"uagb-forms-main-submit-button wp-block-button__link\"><div class=\"uagb-forms-main-submit-button-text\">Enviar<\/div><\/button><\/div><\/form><div class=\"uagb-forms-success-message-8dbe3e2f uagb-forms-submit-message-hide\"><span>\u00a1El formulario ha sido enviado correctamente!<\/span><\/div><div class=\"uagb-forms-failed-message-8dbe3e2f uagb-forms-submit-message-hide\"><span>Ha ocurrido alg\u00fan error al enviar el formulario. Por favor, revisa de nuevo todos los campos.<\/span><\/div><\/div>\n<\/div>\n<\/div><\/div>\n\n<div class=\"wp-block-uagb-container uagb-block-246ac63c alignfull uagb-is-root-container\"><div class=\"uagb-container-inner-blocks-wrap\">\n<div class=\"wp-block-uagb-container uagb-block-2ae899df\">\n<div class=\"wp-block-uagb-advanced-heading uagb-block-b53068ea\"><h2 class=\"uagb-heading-text\">As nosas oficinas<\/h2><p class=\"uagb-desc-text\"><em>Ofrecemos asesoramento xur\u00eddico dende as nosas oficinas de Sarria e Lugo, onde atopar\u00e1s un equipo de avogados comprometidos en ofrecer soluci\u00f3ns \u00e1 medida. Escolle a oficina m\u00e1is pr\u00f3xima para visitarnos ou env\u00edanos a t\u00faa consulta.<\/em><\/p><div class=\"uagb-separator\"><\/div><\/div>\n\n\n\n<div class=\"wp-block-uagb-advanced-heading uagb-block-6b341f7e\"><h2 class=\"uagb-heading-text\">Lugo<\/h2><\/div>\n\n\n\n<div class=\"wp-block-uagb-icon-list uagb-block-18cb6887\"><div class=\"uagb-icon-list__wrap\">\n<div class=\"wp-block-uagb-icon-list-child uagb-block-9bf2d246\"><span class=\"uagb-icon-list__source-wrap\"><svg xmlns=\"https:\/\/www.w3.org\/2000\/svg\" viewbox=\"0 0 256 512\"><path d=\"M64 448c-8.188 0-16.38-3.125-22.62-9.375c-12.5-12.5-12.5-32.75 0-45.25L178.8 256L41.38 118.6c-12.5-12.5-12.5-32.75 0-45.25s32.75-12.5 45.25 0l160 160c12.5 12.5 12.5 32.75 0 45.25l-160 160C80.38 444.9 72.19 448 64 448z\"><\/path><\/svg><\/span><span class=\"uagb-icon-list__label\">Enderezo: Galer\u00edas C\/Carril dos Loureiros con C\/Villalba &#8211; Local 3, 27002 Lugo.  <\/span><\/div>\n\n\n\n<div class=\"wp-block-uagb-icon-list-child uagb-block-3e3b7714\"><a target=\"_blank\" aria-label=\"Email: lugo@abogadosalfaauriga.com\" rel=\"noopener noreferrer\" href=\"mailto:lugo@abogadosalfaauriga.com\"> <\/a><span class=\"uagb-icon-list__source-wrap\"><svg xmlns=\"https:\/\/www.w3.org\/2000\/svg\" viewbox=\"0 0 256 512\"><path d=\"M64 448c-8.188 0-16.38-3.125-22.62-9.375c-12.5-12.5-12.5-32.75 0-45.25L178.8 256L41.38 118.6c-12.5-12.5-12.5-32.75 0-45.25s32.75-12.5 45.25 0l160 160c12.5 12.5 12.5 32.75 0 45.25l-160 160C80.38 444.9 72.19 448 64 448z\"><\/path><\/svg><\/span><span class=\"uagb-icon-list__label\">Correo electr\u00f3nico: lugo@abogadosalfaauriga.com<\/span><\/div>\n<\/div><\/div>\n\n\n\t\t\t<div \n\t\t\tclass=\"wp-block-uagb-google-map uagb-google-map__wrap uagb-block-8599a52a     \"\n\t\t\tstyle=\"\" >\n\t\t\t\t<embed\n\t\t\t\t\tclass=\"uagb-google-map__iframe\"\n\t\t\t\t\ttitle=\"Google Map for \"\n\t\t\t\t\tsrc=\"https:\/\/maps.google.com\/maps?q=43.007943%2C%20-7.557373&#038;z=10&#038;hl=es&#038;t=m&#038;output=embed&#038;iwloc=near\"\n\t\t\t\t\twidth=\"640\"\n\t\t\t\t\theight=\"400\"\n\t\t\t\t\tloading=\"lazy\"\n\t\t\t\t><\/embed>\n\t\t\t<\/div>\n\t\t\t<\/div>\n\n\n\n<div class=\"wp-block-uagb-container uagb-block-d974579c\">\n<div class=\"wp-block-uagb-advanced-heading uagb-block-30ff6cf9\"><h2 class=\"uagb-heading-text\">SARRIA<\/h2><\/div>\n\n\n\n<div class=\"wp-block-uagb-icon-list uagb-block-e69b9644\"><div class=\"uagb-icon-list__wrap\">\n<div class=\"wp-block-uagb-icon-list-child uagb-block-ea12458e\"><span class=\"uagb-icon-list__source-wrap\"><svg xmlns=\"https:\/\/www.w3.org\/2000\/svg\" viewbox=\"0 0 256 512\"><path d=\"M64 448c-8.188 0-16.38-3.125-22.62-9.375c-12.5-12.5-12.5-32.75 0-45.25L178.8 256L41.38 118.6c-12.5-12.5-12.5-32.75 0-45.25s32.75-12.5 45.25 0l160 160c12.5 12.5 12.5 32.75 0 45.25l-160 160C80.38 444.9 72.19 448 64 448z\"><\/path><\/svg><\/span><span class=\"uagb-icon-list__label\">Enderezo: r\u00faa Diego Pazos, 21, baixo, 27600 Sarria, Lugo<\/span><\/div>\n\n\n\n<div class=\"wp-block-uagb-icon-list-child uagb-block-08cd8da2\"><a target=\"_blank\" aria-label=\"Tel&#xE9;fono: 982-532-526\" rel=\"noopener noreferrer\" href=\"tel:+34982532526\"> <\/a><span class=\"uagb-icon-list__source-wrap\"><svg xmlns=\"https:\/\/www.w3.org\/2000\/svg\" viewbox=\"0 0 256 512\"><path d=\"M64 448c-8.188 0-16.38-3.125-22.62-9.375c-12.5-12.5-12.5-32.75 0-45.25L178.8 256L41.38 118.6c-12.5-12.5-12.5-32.75 0-45.25s32.75-12.5 45.25 0l160 160c12.5 12.5 12.5 32.75 0 45.25l-160 160C80.38 444.9 72.19 448 64 448z\"><\/path><\/svg><\/span><span class=\"uagb-icon-list__label\">Tel\u00e9fono: 982-532-526<\/span><\/div>\n\n\n\n<div class=\"wp-block-uagb-icon-list-child uagb-block-9db93681\"><a target=\"_blank\" aria-label=\"Tel&#xE9;fono: 982-521-144\" rel=\"noopener noreferrer\" href=\"tel:+34982531144\"> <\/a><span class=\"uagb-icon-list__source-wrap\"><svg xmlns=\"https:\/\/www.w3.org\/2000\/svg\" viewbox=\"0 0 256 512\"><path d=\"M64 448c-8.188 0-16.38-3.125-22.62-9.375c-12.5-12.5-12.5-32.75 0-45.25L178.8 256L41.38 118.6c-12.5-12.5-12.5-32.75 0-45.25s32.75-12.5 45.25 0l160 160c12.5 12.5 12.5 32.75 0 45.25l-160 160C80.38 444.9 72.19 448 64 448z\"><\/path><\/svg><\/span><span class=\"uagb-icon-list__label\">Tel\u00e9fono: 982-521-144<\/span><\/div>\n\n\n\n<div class=\"wp-block-uagb-icon-list-child uagb-block-06a4d4dd\"><a target=\"_blank\" aria-label=\"Email: sarria@abogadosalfaauriga.com\" rel=\"noopener noreferrer\" href=\"mailto:sarria@abogadosalfaauriga.com\"> <\/a><span class=\"uagb-icon-list__source-wrap\"><svg xmlns=\"https:\/\/www.w3.org\/2000\/svg\" viewbox=\"0 0 256 512\"><path d=\"M64 448c-8.188 0-16.38-3.125-22.62-9.375c-12.5-12.5-12.5-32.75 0-45.25L178.8 256L41.38 118.6c-12.5-12.5-12.5-32.75 0-45.25s32.75-12.5 45.25 0l160 160c12.5 12.5 12.5 32.75 0 45.25l-160 160C80.38 444.9 72.19 448 64 448z\"><\/path><\/svg><\/span><span class=\"uagb-icon-list__label\">Correo electr\u00f3nico: sarria@abogadosalfaauriga.com<\/span><\/div>\n<\/div><\/div>\n\n\n\t\t\t<div \n\t\t\tclass=\"wp-block-uagb-google-map uagb-google-map__wrap uagb-block-8599a52a     \"\n\t\t\tstyle=\"\" >\n\t\t\t\t<embed\n\t\t\t\t\tclass=\"uagb-google-map__iframe\"\n\t\t\t\t\ttitle=\"Google Map for \"\n\t\t\t\t\tsrc=\"https:\/\/maps.google.com\/maps?q=Alfa%20Auriga%20Abogado%20R%C3%BAa%20Diego%20Pazos%2C%2021%2C%20bajo%2C%2027600%20Sarria%2C%20Lugodom&#038;z=10&#038;hl=es&#038;t=m&#038;output=embed&#038;iwloc=near\"\n\t\t\t\t\twidth=\"640\"\n\t\t\t\t\theight=\"400\"\n\t\t\t\t\tloading=\"lazy\"\n\t\t\t\t><\/embed>\n\t\t\t<\/div>\n\t\t\t<\/div>\n<\/div><\/div>\n\n<div class=\"wp-block-uagb-container uagb-block-00c839c3 alignfull uagb-is-root-container\"><div class=\"uagb-container-inner-blocks-wrap\">\n<div class=\"wp-block-uagb-separator uagb-block-c0110d7a\"><div class=\"wp-block-uagb-separator__inner\" style=\"--my-background-image:\"><\/div><\/div>\n<\/div><\/div>\n","protected":false},"excerpt":{"rendered":"<p>Contacto P\u00f3\u00f1ase en contacto cos nosos avogados hoxe para protexer os seus intereses. Estamos aqu\u00ed para axudarche Complete o seguinte formulario e un dos nosos avogados porase en contacto contigo para ofrecerche o mellor asesoramento xur\u00eddico personalizado. As nosas oficinas Ofrecemos asesoramento xur\u00eddico dende as nosas oficinas de Sarria e Lugo, onde atopar\u00e1s un equipo [&hellip;]<\/p>\n","protected":false},"author":1,"featured_media":0,"parent":0,"menu_order":0,"comment_status":"closed","ping_status":"closed","template":"","meta":{"_uag_custom_page_level_css":"","site-sidebar-layout":"default","site-content-layout":"page-builder","ast-site-content-layout":"full-width-container","site-content-style":"unboxed","site-sidebar-style":"unboxed","ast-global-header-display":"","ast-banner-title-visibility":"","ast-main-header-display":"","ast-hfb-above-header-display":"","ast-hfb-below-header-display":"","ast-hfb-mobile-header-display":"","site-post-title":"disabled","ast-breadcrumbs-content":"","ast-featured-img":"","footer-sml-layout":"","theme-transparent-header-meta":"enabled","adv-header-id-meta":"","stick-header-meta":"","header-above-stick-meta":"","header-main-stick-meta":"","header-below-stick-meta":"","astra-migrate-meta-layouts":"default","ast-page-background-enabled":"default","ast-page-background-meta":{"desktop":{"background-color":"","background-image":"","background-repeat":"repeat","background-position":"center center","background-size":"auto","background-attachment":"scroll","background-type":"","background-media":"","overlay-type":"","overlay-color":"","overlay-opacity":"","overlay-gradient":""},"tablet":{"background-color":"","background-image":"","background-repeat":"repeat","background-position":"center center","background-size":"auto","background-attachment":"scroll","background-type":"","background-media":"","overlay-type":"","overlay-color":"","overlay-opacity":"","overlay-gradient":""},"mobile":{"background-color":"","background-image":"","background-repeat":"repeat","background-position":"center center","background-size":"auto","background-attachment":"scroll","background-type":"","background-media":"","overlay-type":"","overlay-color":"","overlay-opacity":"","overlay-gradient":""}},"ast-content-background-meta":{"desktop":{"background-color":"var(--ast-global-color-5)","background-image":"","background-repeat":"repeat","background-position":"center center","background-size":"auto","background-attachment":"scroll","background-type":"","background-media":"","overlay-type":"","overlay-color":"","overlay-opacity":"","overlay-gradient":""},"tablet":{"background-color":"var(--ast-global-color-5)","background-image":"","background-repeat":"repeat","background-position":"center center","background-size":"auto","background-attachment":"scroll","background-type":"","background-media":"","overlay-type":"","overlay-color":"","overlay-opacity":"","overlay-gradient":""},"mobile":{"background-color":"var(--ast-global-color-5)","background-image":"","background-repeat":"repeat","background-position":"center center","background-size":"auto","background-attachment":"scroll","background-type":"","background-media":"","overlay-type":"","overlay-color":"","overlay-opacity":"","overlay-gradient":""}},"footnotes":""},"class_list":["post-1974","page","type-page","status-publish","hentry"],"uagb_featured_image_src":{"full":false,"thumbnail":false,"medium":false,"medium_large":false,"large":false,"1536x1536":false,"2048x2048":false},"uagb_author_info":{"display_name":"manelauriga","author_link":"https:\/\/abogadosalfaauriga.com\/gl\/author\/manelauriga\/"},"uagb_comment_info":0,"uagb_excerpt":"Contacto P\u00f3\u00f1ase en contacto cos nosos avogados hoxe para protexer os seus intereses. Estamos aqu\u00ed para axudarche Complete o seguinte formulario e un dos nosos avogados porase en contacto contigo para ofrecerche o mellor asesoramento xur\u00eddico personalizado. As nosas oficinas Ofrecemos asesoramento xur\u00eddico dende as nosas oficinas de Sarria e Lugo, onde atopar\u00e1s un equipo&hellip;","_links":{"self":[{"href":"https:\/\/abogadosalfaauriga.com\/gl\/wp-json\/wp\/v2\/pages\/1974","targetHints":{"allow":["GET"]}}],"collection":[{"href":"https:\/\/abogadosalfaauriga.com\/gl\/wp-json\/wp\/v2\/pages"}],"about":[{"href":"https:\/\/abogadosalfaauriga.com\/gl\/wp-json\/wp\/v2\/types\/page"}],"author":[{"embeddable":true,"href":"https:\/\/abogadosalfaauriga.com\/gl\/wp-json\/wp\/v2\/users\/1"}],"replies":[{"embeddable":true,"href":"https:\/\/abogadosalfaauriga.com\/gl\/wp-json\/wp\/v2\/comments?post=1974"}],"version-history":[{"count":1,"href":"https:\/\/abogadosalfaauriga.com\/gl\/wp-json\/wp\/v2\/pages\/1974\/revisions"}],"predecessor-version":[{"id":1975,"href":"https:\/\/abogadosalfaauriga.com\/gl\/wp-json\/wp\/v2\/pages\/1974\/revisions\/1975"}],"wp:attachment":[{"href":"https:\/\/abogadosalfaauriga.com\/gl\/wp-json\/wp\/v2\/media?parent=1974"}],"curies":[{"name":"wp","href":"https:\/\/api.w.org\/{rel}","templated":true}]}}