{"id":1972,"date":"2024-05-01T12:43:36","date_gmt":"2024-05-01T12:43:36","guid":{"rendered":"https:\/\/abogadosalfaauriga.com\/aviso-legal\/"},"modified":"2025-09-18T06:40:54","modified_gmt":"2025-09-18T06:40:54","slug":"aviso-legal","status":"publish","type":"page","link":"https:\/\/abogadosalfaauriga.com\/gl\/aviso-legal\/","title":{"rendered":"Aviso legal"},"content":{"rendered":"\n<p>Este Aviso Legal regula o acceso e o uso do sitio web <strong><a href=\"http:\/\/www.alfaauriga.com\">www.alfaauriga.com<\/a><\/strong> (en diante, o \u201cSitio Web\u201d), propiedade de <strong>ALFA AURIGA LUGO SL<\/strong> , a trav\u00e9s do cal se ofrecen servizos profesionais de asesoramento xur\u00eddico e defensa.<\/p>\n\n\n\n<p>O acceso e uso do sitio web out\u00f3rgalle a condici\u00f3n de USUARIO e implica a aceptaci\u00f3n plena e sen reservas de todas as condici\u00f3ns inclu\u00eddas neste Aviso Legal.<\/p>\n\n\n\n<hr class=\"wp-block-separator has-alpha-channel-opacity\">\n\n\n\n<h3 class=\"wp-block-heading\">\u00cdNDICE DE AVISO LEGAL<\/h3>\n\n\n\n<ol class=\"wp-block-list\">\n<li>Datos de identificaci\u00f3n<\/li>\n\n\n\n<li>Usuarios<\/li>\n\n\n\n<li>Uso do portal<\/li>\n\n\n\n<li>Uso de cookies<\/li>\n\n\n\n<li>Propiedade intelectual e industrial<\/li>\n\n\n\n<li>Exclusi\u00f3n de garant\u00edas e responsabilidade<\/li>\n\n\n\n<li>Modificaci\u00f3ns<\/li>\n\n\n\n<li>Ligaz\u00f3ns<\/li>\n\n\n\n<li>Dereito de exclusi\u00f3n<\/li>\n\n\n\n<li>Xeneralidades<\/li>\n\n\n\n<li>Lexislaci\u00f3n e xurisdici\u00f3n aplicables<\/li>\n\n\n\n<li>Resoluci\u00f3n de disputas en li\u00f1a<\/li>\n<\/ol>\n\n\n\n<hr class=\"wp-block-separator has-alpha-channel-opacity\">\n\n\n\n<h3 class=\"wp-block-heading\">1. Datos de identificaci\u00f3n<\/h3>\n\n\n\n<p>En cumprimento da Lei 34\/2002 (LSSI-CE), refl\u00edctense os seguintes datos:<\/p>\n\n\n\n<ul class=\"wp-block-list\">\n<li><strong>Propietario:<\/strong> ALFA AURIGA LUGO SL<\/li>\n\n\n\n<li><strong>CIF:<\/strong> B27444306<\/li>\n\n\n\n<li><strong>Denominaci\u00f3n comercial:<\/strong> Alfa Auriga Abogados<\/li>\n\n\n\n<li><strong>Domicilio social:<\/strong> C\/ Diego Pazos, 21 \u2013 Baixo, 27600 Sarria (Lugo), Espa\u00f1a<\/li>\n\n\n\n<li><strong>Tel\u00e9fonos:<\/strong> 982 532 526 \u2013 982 531 144<\/li>\n\n\n\n<li><strong>Correo electr\u00f3nico:<\/strong> <a>sarria@abogadosalfaauriga.com<\/a><\/li>\n\n\n\n<li><strong>Dominio:<\/strong> <a href=\"http:\/\/www.alfaauriga.com\">www.alfaauriga.com<\/a><\/li>\n<\/ul>\n\n\n\n<hr class=\"wp-block-separator has-alpha-channel-opacity\">\n\n\n\n<h4 class=\"wp-block-heading\">2. Usuarios<\/h4>\n\n\n\n<p>O acceso ao sitio web outorga a condici\u00f3n de USUARIO, que acepta as Condici\u00f3ns Xerais de Uso aqu\u00ed reflectidas.<\/p>\n\n\n\n<hr class=\"wp-block-separator has-alpha-channel-opacity\">\n\n\n\n<h4 class=\"wp-block-heading\">3. Uso do portal<\/h4>\n\n\n\n<p>O sitio web proporciona acceso a informaci\u00f3n, servizos e recursos relacionados coa pr\u00e1ctica xur\u00eddica e a defensa xur\u00eddica. O USUARIO comprom\u00e9tese a facer un uso axeitado dos contidos e servizos, absten\u00e9ndose de utilizalos con fins il\u00edcitos ou contrarios \u00e1 boa fe e \u00e1 orde p\u00fablica. <\/p>\n\n\n\n<hr class=\"wp-block-separator has-alpha-channel-opacity\">\n\n\n\n<h4 class=\"wp-block-heading\">4. Uso de cookies<\/h4>\n\n\n\n<p>O sitio web utiliza cookies para optimizar a navegaci\u00f3n. Os usuarios poden consultar a informaci\u00f3n completa na <a href=\"#\">Pol\u00edtica de cookies<\/a> . <\/p>\n\n\n\n<hr class=\"wp-block-separator has-alpha-channel-opacity\">\n\n\n\n<h4 class=\"wp-block-heading\">5. Propiedade intelectual e industrial<\/h4>\n\n\n\n<p>Todo o contido do sitio web (texto, imaxes, logotipos, dese\u00f1o, software) \u00e9 propiedade de ALFA AURIGA LUGO SL ou de terceiros autorizados. Proh\u00edbese a s\u00faa reproduci\u00f3n, distribuci\u00f3n ou comunicaci\u00f3n p\u00fablica sen autorizaci\u00f3n expresa. <\/p>\n\n\n\n<hr class=\"wp-block-separator has-alpha-channel-opacity\">\n\n\n\n<h4 class=\"wp-block-heading\">6. Exclusi\u00f3n de garant\u00edas e responsabilidade<\/h4>\n\n\n\n<p>ALFA AURIGA LUGO SL non garante a dispo\u00f1ibilidade permanente do sitio web nin a ausencia de erros. Non se responsabiliza dos danos derivados dun uso inadecuado da informaci\u00f3n ou da presenza de virus ou outros elementos nocivos. <\/p>\n\n\n\n<hr class=\"wp-block-separator has-alpha-channel-opacity\">\n\n\n\n<h4 class=\"wp-block-heading\">7. Modificaci\u00f3ns<\/h4>\n\n\n\n<p>A empresa res\u00e9rvase o dereito de modificar a presentaci\u00f3n, configuraci\u00f3n e contido do sitio web, as\u00ed como as condici\u00f3ns de acceso e uso, en calquera momento.<\/p>\n\n\n\n<hr class=\"wp-block-separator has-alpha-channel-opacity\">\n\n\n\n<h4 class=\"wp-block-heading\">8. Ligaz\u00f3ns<\/h4>\n\n\n\n<p>O sitio web pode inclu\u00edr ligaz\u00f3ns a sitios de terceiros. ALFA AURIGA LUGO SL non controla nin asume responsabilidade por dito contido nin pola s\u00faa dispo\u00f1ibilidade. <\/p>\n\n\n\n<hr class=\"wp-block-separator has-alpha-channel-opacity\">\n\n\n\n<h4 class=\"wp-block-heading\">9. Dereito de exclusi\u00f3n<\/h4>\n\n\n\n<p>ALFA AURIGA LUGO SL poder\u00e1 denegar o acceso ao sitio web aos USUARIOS que incumpran estas condici\u00f3ns, sen previo aviso.<\/p>\n\n\n\n<hr class=\"wp-block-separator has-alpha-channel-opacity\">\n\n\n\n<h4 class=\"wp-block-heading\">10. Xeneralidades<\/h4>\n\n\n\n<p>A empresa perseguir\u00e1 o incumprimento destas condici\u00f3ns mediante todas as acci\u00f3ns legais ao seu alcance.<\/p>\n\n\n\n<hr class=\"wp-block-separator has-alpha-channel-opacity\">\n\n\n\n<h4 class=\"wp-block-heading\">11. Lexislaci\u00f3n e xurisdici\u00f3n aplicables<\/h4>\n\n\n\n<p>A relaci\u00f3n entre ALFA AURIGA LUGO SL e o USUARIO rexerase pola normativa espa\u00f1ola vixente. Calquera controversia someterase aos Xulgados e Tribunais de Lugo, ag\u00e1s que a lei dispo\u00f1a o contrario.<\/p>\n\n\n\n<hr class=\"wp-block-separator has-alpha-channel-opacity\">\n\n\n\n<h4 class=\"wp-block-heading\">12. Resoluci\u00f3n de disputas en li\u00f1a<\/h4>\n\n\n\n<p>A Comisi\u00f3n Europea ofrece unha plataforma de resoluci\u00f3n de litixios en li\u00f1a accesible en: <a>https:\/\/ec.europa.eu\/consumers\/odr\/<\/a> .<\/p>\n","protected":false},"excerpt":{"rendered":"<p>Este Aviso Legal regula o acceso e o uso do sitio web www.alfaauriga.com (en diante, o \u201cSitio Web\u201d), propiedade de ALFA AURIGA LUGO SL , a trav\u00e9s do cal se ofrecen servizos profesionais de asesoramento xur\u00eddico e defensa. O acceso e uso do sitio web out\u00f3rgalle a condici\u00f3n de USUARIO e implica a aceptaci\u00f3n plena [&hellip;]<\/p>\n","protected":false},"author":1,"featured_media":0,"parent":0,"menu_order":0,"comment_status":"closed","ping_status":"open","template":"","meta":{"_uag_custom_page_level_css":"","site-sidebar-layout":"default","site-content-layout":"","ast-site-content-layout":"default","site-content-style":"default","site-sidebar-style":"default","ast-global-header-display":"","ast-banner-title-visibility":"","ast-main-header-display":"","ast-hfb-above-header-display":"","ast-hfb-below-header-display":"","ast-hfb-mobile-header-display":"","site-post-title":"","ast-breadcrumbs-content":"","ast-featured-img":"","footer-sml-layout":"","theme-transparent-header-meta":"","adv-header-id-meta":"","stick-header-meta":"","header-above-stick-meta":"","header-main-stick-meta":"","header-below-stick-meta":"","astra-migrate-meta-layouts":"default","ast-page-background-enabled":"default","ast-page-background-meta":{"desktop":{"background-color":"","background-image":"","background-repeat":"repeat","background-position":"center center","background-size":"auto","background-attachment":"scroll","background-type":"","background-media":"","overlay-type":"","overlay-color":"","overlay-opacity":"","overlay-gradient":""},"tablet":{"background-color":"","background-image":"","background-repeat":"repeat","background-position":"center center","background-size":"auto","background-attachment":"scroll","background-type":"","background-media":"","overlay-type":"","overlay-color":"","overlay-opacity":"","overlay-gradient":""},"mobile":{"background-color":"","background-image":"","background-repeat":"repeat","background-position":"center center","background-size":"auto","background-attachment":"scroll","background-type":"","background-media":"","overlay-type":"","overlay-color":"","overlay-opacity":"","overlay-gradient":""}},"ast-content-background-meta":{"desktop":{"background-color":"var(--ast-global-color-5)","background-image":"","background-repeat":"repeat","background-position":"center center","background-size":"auto","background-attachment":"scroll","background-type":"","background-media":"","overlay-type":"","overlay-color":"","overlay-opacity":"","overlay-gradient":""},"tablet":{"background-color":"var(--ast-global-color-5)","background-image":"","background-repeat":"repeat","background-position":"center center","background-size":"auto","background-attachment":"scroll","background-type":"","background-media":"","overlay-type":"","overlay-color":"","overlay-opacity":"","overlay-gradient":""},"mobile":{"background-color":"var(--ast-global-color-5)","background-image":"","background-repeat":"repeat","background-position":"center center","background-size":"auto","background-attachment":"scroll","background-type":"","background-media":"","overlay-type":"","overlay-color":"","overlay-opacity":"","overlay-gradient":""}},"footnotes":""},"class_list":["post-1972","page","type-page","status-publish","hentry"],"uagb_featured_image_src":{"full":false,"thumbnail":false,"medium":false,"medium_large":false,"large":false,"1536x1536":false,"2048x2048":false},"uagb_author_info":{"display_name":"manelauriga","author_link":"https:\/\/abogadosalfaauriga.com\/gl\/author\/manelauriga\/"},"uagb_comment_info":0,"uagb_excerpt":"Este Aviso Legal regula o acceso e o uso do sitio web www.alfaauriga.com (en diante, o \u201cSitio Web\u201d), propiedade de ALFA AURIGA LUGO SL , a trav\u00e9s do cal se ofrecen servizos profesionais de asesoramento xur\u00eddico e defensa. O acceso e uso do sitio web out\u00f3rgalle a condici\u00f3n de USUARIO e implica a aceptaci\u00f3n plena&hellip;","_links":{"self":[{"href":"https:\/\/abogadosalfaauriga.com\/gl\/wp-json\/wp\/v2\/pages\/1972","targetHints":{"allow":["GET"]}}],"collection":[{"href":"https:\/\/abogadosalfaauriga.com\/gl\/wp-json\/wp\/v2\/pages"}],"about":[{"href":"https:\/\/abogadosalfaauriga.com\/gl\/wp-json\/wp\/v2\/types\/page"}],"author":[{"embeddable":true,"href":"https:\/\/abogadosalfaauriga.com\/gl\/wp-json\/wp\/v2\/users\/1"}],"replies":[{"embeddable":true,"href":"https:\/\/abogadosalfaauriga.com\/gl\/wp-json\/wp\/v2\/comments?post=1972"}],"version-history":[{"count":2,"href":"https:\/\/abogadosalfaauriga.com\/gl\/wp-json\/wp\/v2\/pages\/1972\/revisions"}],"predecessor-version":[{"id":2081,"href":"https:\/\/abogadosalfaauriga.com\/gl\/wp-json\/wp\/v2\/pages\/1972\/revisions\/2081"}],"wp:attachment":[{"href":"https:\/\/abogadosalfaauriga.com\/gl\/wp-json\/wp\/v2\/media?parent=1972"}],"curies":[{"name":"wp","href":"https:\/\/api.w.org\/{rel}","templated":true}]}}